{"id":10881,"date":"2023-12-28T01:37:19","date_gmt":"2023-12-28T01:37:19","guid":{"rendered":"https:\/\/derek.ifbbpro.es\/?post_type=product&#038;p=10881"},"modified":"2024-01-18T15:25:23","modified_gmt":"2024-01-18T15:25:23","slug":"cena-de-gala-derek-sabado-24-restaurante-88","status":"publish","type":"product","link":"https:\/\/derek.ifbbpro.es\/es_es\/producto\/cena-de-gala-derek-sabado-24-restaurante-88\/","title":{"rendered":"CENA DE GALA DEREK S\u00c1BADO 24 RESTAURANTE 88"},"content":{"rendered":"<p style=\"text-align: left;\">Cena de gala junto a Derek Lunsford, Emilio Martinez y atletas profesionales invitados.<br \/>\nCena exclusiva donde podr\u00e1s compartir cena y charlas m\u00e1s intimas junto a Derek y compa\u00f1ia.<\/p>\n<p>El men\u00fa de la cena constar\u00e1 en una selecci\u00f3n de alimentos de alta calidad realizados por el restaurante 88.<\/p>\n","protected":false},"excerpt":{"rendered":"<p>Cena de gala junto a Derek Lunsford, Emilio Martinez y atletas profesionales invitados. Cena exclusiva donde podr\u00e1s compartir cena y charlas m\u00e1s intimas junto a Derek y compa\u00f1ia. El men\u00fa de la cena constar\u00e1 en una selecci\u00f3n de alimentos de alta calidad realizados por el restaurante 88.<\/p>\n","protected":false},"author":4109,"featured_media":10792,"template":"","meta":{"site-sidebar-layout":"default","site-content-layout":"default","ast-global-header-display":"","ast-banner-title-visibility":"","ast-main-header-display":"","ast-hfb-above-header-display":"","ast-hfb-below-header-display":"","ast-hfb-mobile-header-display":"","site-post-title":"","ast-breadcrumbs-content":"","ast-featured-img":"","footer-sml-layout":"","theme-transparent-header-meta":"default","adv-header-id-meta":"","stick-header-meta":"","header-above-stick-meta":"","header-main-stick-meta":"","header-below-stick-meta":"","_joinchat":[]},"product_cat":[159],"product_tag":[],"_links":{"self":[{"href":"https:\/\/derek.ifbbpro.es\/es_es\/wp-json\/wp\/v2\/product\/10881"}],"collection":[{"href":"https:\/\/derek.ifbbpro.es\/es_es\/wp-json\/wp\/v2\/product"}],"about":[{"href":"https:\/\/derek.ifbbpro.es\/es_es\/wp-json\/wp\/v2\/types\/product"}],"author":[{"embeddable":true,"href":"https:\/\/derek.ifbbpro.es\/es_es\/wp-json\/wp\/v2\/users\/4109"}],"wp:featuredmedia":[{"embeddable":true,"href":"https:\/\/derek.ifbbpro.es\/es_es\/wp-json\/wp\/v2\/media\/10792"}],"wp:attachment":[{"href":"https:\/\/derek.ifbbpro.es\/es_es\/wp-json\/wp\/v2\/media?parent=10881"}],"wp:term":[{"taxonomy":"product_cat","embeddable":true,"href":"https:\/\/derek.ifbbpro.es\/es_es\/wp-json\/wp\/v2\/product_cat?post=10881"},{"taxonomy":"product_tag","embeddable":true,"href":"https:\/\/derek.ifbbpro.es\/es_es\/wp-json\/wp\/v2\/product_tag?post=10881"}],"curies":[{"name":"wp","href":"https:\/\/api.w.org\/{rel}","templated":true}]}}